{"id":2324,"date":"2023-05-18T15:06:53","date_gmt":"2023-05-18T15:06:53","guid":{"rendered":"https:\/\/proyecto-elarfero.com\/conditions-generales\/"},"modified":"2023-06-01T07:27:42","modified_gmt":"2023-06-01T07:27:42","slug":"conditions-generales","status":"publish","type":"page","link":"https:\/\/proyecto-elarfero.com\/fr\/conditions-generales\/","title":{"rendered":"Conditions g\u00e9n\u00e9rales"},"content":{"rendered":"\t\t<div data-elementor-type=\"wp-page\" data-elementor-id=\"2324\" class=\"elementor elementor-2324 elementor-1431\" data-elementor-post-type=\"page\">\n\t\t\t\t<div class=\"elementor-element elementor-element-7a61283 e-con-full e-flex e-con e-parent\" data-id=\"7a61283\" data-element_type=\"container\">\n\t\t<div class=\"elementor-element elementor-element-ae8f363 e-con-full elementor-hidden-tablet elementor-hidden-mobile e-flex e-con e-child\" data-id=\"ae8f363\" data-element_type=\"container\">\n\t\t\t\t<div class=\"elementor-element elementor-element-2ba63df elementor-align-center sticky elementor-icon-list--layout-traditional elementor-list-item-link-full_width elementor-widget elementor-widget-icon-list\" data-id=\"2ba63df\" data-element_type=\"widget\" data-widget_type=\"icon-list.default\">\n\t\t\t\t<div class=\"elementor-widget-container\">\n\t\t\t\t\t\t\t<ul class=\"elementor-icon-list-items\">\n\t\t\t\t\t\t\t<li class=\"elementor-icon-list-item\">\n\t\t\t\t\t\t\t\t\t\t\t<span class=\"elementor-icon-list-icon\">\n\t\t\t\t\t\t\t<i aria-hidden=\"true\" class=\"fab fa-facebook\"><\/i>\t\t\t\t\t\t<\/span>\n\t\t\t\t\t\t\t\t\t\t<span class=\"elementor-icon-list-text\"><\/span>\n\t\t\t\t\t\t\t\t\t<\/li>\n\t\t\t\t\t\t\t\t<li class=\"elementor-icon-list-item\">\n\t\t\t\t\t\t\t\t\t\t\t<span class=\"elementor-icon-list-icon\">\n\t\t\t\t\t\t\t<i aria-hidden=\"true\" class=\"fab fa-instagram\"><\/i>\t\t\t\t\t\t<\/span>\n\t\t\t\t\t\t\t\t\t\t<span class=\"elementor-icon-list-text\"><\/span>\n\t\t\t\t\t\t\t\t\t<\/li>\n\t\t\t\t\t\t\t\t<li class=\"elementor-icon-list-item\">\n\t\t\t\t\t\t\t\t\t\t\t<span class=\"elementor-icon-list-icon\">\n\t\t\t\t\t\t\t<i aria-hidden=\"true\" class=\"fab fa-tiktok\"><\/i>\t\t\t\t\t\t<\/span>\n\t\t\t\t\t\t\t\t\t\t<span class=\"elementor-icon-list-text\"><\/span>\n\t\t\t\t\t\t\t\t\t<\/li>\n\t\t\t\t\t\t\t\t<li class=\"elementor-icon-list-item\">\n\t\t\t\t\t\t\t\t\t\t\t<span class=\"elementor-icon-list-icon\">\n\t\t\t\t\t\t\t<i aria-hidden=\"true\" class=\"fab fa-youtube\"><\/i>\t\t\t\t\t\t<\/span>\n\t\t\t\t\t\t\t\t\t\t<span class=\"elementor-icon-list-text\"><\/span>\n\t\t\t\t\t\t\t\t\t<\/li>\n\t\t\t\t\t\t<\/ul>\n\t\t\t\t\t\t<\/div>\n\t\t\t\t<\/div>\n\t\t\t\t<\/div>\n\t\t<div class=\"elementor-element elementor-element-eb2c2ad e-con-full e-flex e-con e-child\" data-id=\"eb2c2ad\" data-element_type=\"container\">\n\t\t<div class=\"elementor-element elementor-element-79e0cf7 e-con-full e-flex e-con e-child\" data-id=\"79e0cf7\" data-element_type=\"container\" data-settings=\"{&quot;background_background&quot;:&quot;classic&quot;}\">\n\t\t\t\t<div class=\"elementor-element elementor-element-03931b2 elementor-widget elementor-widget-heading\" data-id=\"03931b2\" data-element_type=\"widget\" data-widget_type=\"heading.default\">\n\t\t\t\t<div class=\"elementor-widget-container\">\n\t\t\t\t\t<h1 class=\"elementor-heading-title elementor-size-default\">Conditions g\u00e9n\u00e9rales<\/h1>\t\t\t\t<\/div>\n\t\t\t\t<\/div>\n\t\t\t\t<div class=\"elementor-element elementor-element-be501f8 elementor-widget elementor-widget-shortcode\" data-id=\"be501f8\" data-element_type=\"widget\" data-widget_type=\"shortcode.default\">\n\t\t\t\t<div class=\"elementor-widget-container\">\n\t\t\t\t\t\t\t<div class=\"elementor-shortcode\"><nav aria-label=\"breadcrumbs\" class=\"rank-math-breadcrumb\"><p><span class=\"last\">Home<\/span><\/p><\/nav><\/div>\n\t\t\t\t\t\t<\/div>\n\t\t\t\t<\/div>\n\t\t\t\t<\/div>\n\t\t<div class=\"elementor-element elementor-element-65a881b e-con-full e-flex e-con e-child\" data-id=\"65a881b\" data-element_type=\"container\">\n\t\t\t\t<div class=\"elementor-element elementor-element-04d339b policy elementor-widget elementor-widget-text-editor\" data-id=\"04d339b\" data-element_type=\"widget\" data-widget_type=\"text-editor.default\">\n\t\t\t\t<div class=\"elementor-widget-container\">\n\t\t\t\t\t\t\t\t\t<p><strong>Juridique :<\/strong><br \/>Conform\u00e9ment \u00e0 l&rsquo;article 10 de la loi 34\/2002 sur les services de la soci\u00e9t\u00e9 de l&rsquo;information et le commerce \u00e9lectronique, nous informons l&rsquo;utilisateur de nos donn\u00e9es :<\/p>\n<p><strong>D\u00e9nomination<\/strong>: PROYECTO EL ARFERO ALICANTE S.L. Adresse du si\u00e8ge social : Av. de las Naciones 80, Algorfa, Alicante CIF \/ NIF : B13640792 T\u00e9l\u00e9phone : +32 479 48 81 91<br \/>Courriel : info@proyecto-elarfero.com D\u00e9tails de l&rsquo;inscription : Site web : proyecto-elarfero.com<\/p>\n<p><strong>Objet<\/strong><br \/>Le fournisseur, responsable du site web, met ce document \u00e0 la disposition des utilisateurs afin de respecter les obligations de la loi 34\/2002 sur les services de la soci\u00e9t\u00e9 de l&rsquo;information et le commerce \u00e9lectronique (LSSI-CE) et d&rsquo;informer tous les utilisateurs du site web des conditions d&rsquo;utilisation de ce dernier.<\/p>\n<p>Toute personne acc\u00e9dant \u00e0 ce site web assume le r\u00f4le d&rsquo;utilisateur et accepte de se conformer et d&rsquo;adh\u00e9rer strictement aux dispositions du pr\u00e9sent document et \u00e0 toutes les autres dispositions l\u00e9gales applicables ;<\/p>\n<p>Le fournisseur se r\u00e9serve le droit de modifier tout type d&rsquo;information pouvant \u00eatre contenue sur le site web, sans obligation de notification ou d&rsquo;information pr\u00e9alable des utilisateurs, la publication sur le site web du fournisseur \u00e9tant consid\u00e9r\u00e9e comme suffisante.<\/p>\n<p><strong>Responsabilit\u00e9<\/strong><br \/>Le fournisseur d\u00e9cline toute responsabilit\u00e9 pour les informations publi\u00e9es sur son site web dans la mesure o\u00f9 ces informations ont \u00e9t\u00e9 manipul\u00e9es ou saisies par un tiers externe.<\/p>\n<p>Le site web du fournisseur peut utiliser des cookies (petits fichiers d&rsquo;information envoy\u00e9s par le serveur \u00e0 l&rsquo;ordinateur de la personne qui visite la page) pour ex\u00e9cuter certaines fonctions jug\u00e9es essentielles au bon fonctionnement et \u00e0 la visualisation du site. Dans tous les cas, les cookies utilis\u00e9s sur le site sont de nature temporaire, exclusivement pour rendre plus efficace leur transmission ult\u00e9rieure, et disparaissent \u00e0 la fin de la session de l&rsquo;utilisateur. ; Les cookies ne sont en aucun cas utilis\u00e9s pour collecter des informations personnelles.<\/p>\n<p>\u00c0 partir du site web du client, vous pouvez \u00eatre dirig\u00e9 vers le contenu de sites web de tiers. Comme le fournisseur ne peut pas toujours contr\u00f4ler les contenus introduits par des tiers sur leurs sites web, le fournisseur n&rsquo;accepte aucune responsabilit\u00e9 pour ces contenus. Dans tous les cas, le fournisseur d\u00e9clare qu&rsquo;il retirera imm\u00e9diatement tout contenu qui pourrait \u00eatre contraire \u00e0 la l\u00e9gislation nationale ou internationale, \u00e0 la morale ou \u00e0 l&rsquo;ordre public, en retirant imm\u00e9diatement la r\u00e9f\u00e9rence au site web concern\u00e9 et en informant les autorit\u00e9s comp\u00e9tentes du contenu en question.<\/p>\n<p>Le fournisseur n&rsquo;est pas responsable des informations et du contenu stock\u00e9s, y compris, mais sans s&rsquo;y limiter, dans les forums, les chats, les g\u00e9n\u00e9rateurs de blogs, les commentaires, les r\u00e9seaux sociaux ou tout autre support permettant \u00e0 des tiers de publier ind\u00e9pendamment du contenu sur le site web du fournisseur. Toutefois, conform\u00e9ment aux dispositions des articles 11 et 16 de la LSSI-CE, le fournisseur se met \u00e0 la disposition de tous les utilisateurs, des autorit\u00e9s et des services de s\u00e9curit\u00e9, et coop\u00e8re activement au retrait ou au blocage de tout contenu susceptible d&rsquo;affecter ou de violer le droit national ou international, les droits des tiers ou la morale et l&rsquo;ordre public. Si l&rsquo;utilisateur estime que le site web contient des \u00e9l\u00e9ments qui entrent dans cette cat\u00e9gorie, il doit en informer imm\u00e9diatement l&rsquo;administrateur du site web.<\/p>\n<p>Le fonctionnement de ce site a \u00e9t\u00e9 v\u00e9rifi\u00e9 et test\u00e9. En principe, le bon fonctionnement peut \u00eatre garanti 365 jours par an, 24 heures par jour. Toutefois, le fournisseur n&rsquo;exclut pas l&rsquo;existence de certaines erreurs de programmation ou la survenance de cas de force majeure, de catastrophes naturelles, de gr\u00e8ves ou de circonstances similaires qui rendent l&rsquo;acc\u00e8s au site web impossible.<\/p>\n<p><strong>Propri\u00e9t\u00e9 intellectuelle et industrielle<\/strong><br \/>Le site web, y compris, mais sans s&rsquo;y limiter, sa programmation, son \u00e9dition, sa compilation et les autres \u00e9l\u00e9ments n\u00e9cessaires \u00e0 son fonctionnement, les dessins, les logos, les textes et\/ou les images sont la propri\u00e9t\u00e9 du fournisseur ou, le cas \u00e9ch\u00e9ant, il dispose d&rsquo;une licence ou d&rsquo;une autorisation expresse de la part des auteurs. Tous les contenus du site Web sont d\u00fbment prot\u00e9g\u00e9s par les r\u00e9glementations relatives \u00e0 la propri\u00e9t\u00e9 intellectuelle et industrielle et sont inscrits dans les registres publics pertinents.<\/p>\n<p>Quelle que soit la finalit\u00e9 poursuivie, la reproduction, l&rsquo;utilisation, l&rsquo;exploitation, la distribution et la commercialisation, en tout ou en partie, n\u00e9cessitent en tout \u00e9tat de cause l&rsquo;accord \u00e9crit pr\u00e9alable du fournisseur. Toute utilisation non pr\u00e9alablement autoris\u00e9e par le fournisseur est consid\u00e9r\u00e9e comme une atteinte grave aux droits de propri\u00e9t\u00e9 intellectuelle ou industrielle de l&rsquo;auteur.<\/p>\n<p>Les dessins, logos, textes et\/ou images n&rsquo;appartenant pas au fournisseur qui peuvent appara\u00eetre sur le site web appartiennent \u00e0 leurs propri\u00e9taires respectifs et ceux-ci sont responsables de toute controverse \u00e9ventuelle \u00e0 leur sujet. En tout \u00e9tat de cause, le fournisseur doit obtenir l&rsquo;accord pr\u00e9alable expr\u00e8s des propri\u00e9taires.<\/p>\n<p>Le fournisseur n&rsquo;autorise express\u00e9ment PAS les tiers \u00e0 \u00e9tablir un lien direct avec le contenu sp\u00e9cifique du site web, et doit en tout \u00e9tat de cause \u00e9tablir un lien avec le site web principal du fournisseur.<\/p>\n<p>Le fournisseur reconna\u00eet les droits de propri\u00e9t\u00e9 industrielle et intellectuelle correspondants en faveur de leurs propri\u00e9taires, et leur simple mention ou apparition sur le site web n&rsquo;implique pas l&rsquo;existence de droits ou de responsabilit\u00e9s du fournisseur \u00e0 cet \u00e9gard, ni d&rsquo;une approbation, d&rsquo;un parrainage ou d&rsquo;une recommandation de sa part.<\/p>\n<p>Si vous souhaitez formuler des observations sur d&rsquo;\u00e9ventuelles violations des droits de propri\u00e9t\u00e9 intellectuelle ou industrielle et sur le contenu du site web, veuillez le faire \u00e0 l&rsquo;adresse \u00e9lectronique suivante.<\/p>\n<p><strong>Droit applicable et juridiction<\/strong><br \/>La r\u00e9solution de tout litige ou question relative \u00e0 ce site Web ou aux activit\u00e9s qui y sont men\u00e9es sera r\u00e9gie par la loi espagnole, \u00e0 laquelle les parties se soumettent express\u00e9ment, et les cours et tribunaux de Torrevieja seront comp\u00e9tents pour la r\u00e9solution de tout litige d\u00e9coulant de son utilisation ou li\u00e9 \u00e0 celle-ci.<\/p>\n\t\t\t\t\t\t\t\t<\/div>\n\t\t\t\t<\/div>\n\t\t\t\t<\/div>\n\t\t\t\t<\/div>\n\t\t\t\t<\/div>\n\t\t\t\t<\/div>\n\t\t","protected":false},"excerpt":{"rendered":"<p>Conditions g\u00e9n\u00e9rales Juridique :Conform\u00e9ment \u00e0 l&rsquo;article 10 de la loi 34\/2002 sur les services de la soci\u00e9t\u00e9 de l&rsquo;information et le commerce \u00e9lectronique, nous informons l&rsquo;utilisateur de nos donn\u00e9es : D\u00e9nomination: PROYECTO EL ARFERO ALICANTE S.L. Adresse du si\u00e8ge social : Av. de las Naciones 80, Algorfa, Alicante CIF \/ NIF : B13640792 T\u00e9l\u00e9phone : [&hellip;]<\/p>\n","protected":false},"author":2,"featured_media":0,"parent":0,"menu_order":0,"comment_status":"closed","ping_status":"closed","template":"","meta":{"_acf_changed":false,"footnotes":""},"class_list":["post-2324","page","type-page","status-publish","hentry"],"acf":[],"_links":{"self":[{"href":"https:\/\/proyecto-elarfero.com\/fr\/wp-json\/wp\/v2\/pages\/2324","targetHints":{"allow":["GET"]}}],"collection":[{"href":"https:\/\/proyecto-elarfero.com\/fr\/wp-json\/wp\/v2\/pages"}],"about":[{"href":"https:\/\/proyecto-elarfero.com\/fr\/wp-json\/wp\/v2\/types\/page"}],"author":[{"embeddable":true,"href":"https:\/\/proyecto-elarfero.com\/fr\/wp-json\/wp\/v2\/users\/2"}],"replies":[{"embeddable":true,"href":"https:\/\/proyecto-elarfero.com\/fr\/wp-json\/wp\/v2\/comments?post=2324"}],"version-history":[{"count":0,"href":"https:\/\/proyecto-elarfero.com\/fr\/wp-json\/wp\/v2\/pages\/2324\/revisions"}],"wp:attachment":[{"href":"https:\/\/proyecto-elarfero.com\/fr\/wp-json\/wp\/v2\/media?parent=2324"}],"curies":[{"name":"wp","href":"https:\/\/api.w.org\/{rel}","templated":true}]}}