{"id":2314,"date":"2023-03-30T06:45:15","date_gmt":"2023-03-30T06:45:15","guid":{"rendered":"https:\/\/proyecto-elarfero.com\/politique-de-confidentialite\/"},"modified":"2023-06-01T06:16:56","modified_gmt":"2023-06-01T06:16:56","slug":"politique-de-confidentialite","status":"publish","type":"page","link":"https:\/\/proyecto-elarfero.com\/fr\/politique-de-confidentialite\/","title":{"rendered":"Politique de confidentialit\u00e9"},"content":{"rendered":"\t\t<div data-elementor-type=\"wp-page\" data-elementor-id=\"2314\" class=\"elementor elementor-2314 elementor-3\" data-elementor-post-type=\"page\">\n\t\t\t\t<div class=\"elementor-element elementor-element-ffcc49e e-con-full e-flex e-con e-parent\" data-id=\"ffcc49e\" data-element_type=\"container\">\n\t\t<div class=\"elementor-element elementor-element-cdc36eb e-con-full elementor-hidden-tablet elementor-hidden-mobile e-flex e-con e-child\" data-id=\"cdc36eb\" data-element_type=\"container\">\n\t\t\t\t<div class=\"elementor-element elementor-element-0bc7fa7 elementor-align-center sticky elementor-icon-list--layout-traditional elementor-list-item-link-full_width elementor-widget elementor-widget-icon-list\" data-id=\"0bc7fa7\" data-element_type=\"widget\" data-widget_type=\"icon-list.default\">\n\t\t\t\t<div class=\"elementor-widget-container\">\n\t\t\t\t\t\t\t<ul class=\"elementor-icon-list-items\">\n\t\t\t\t\t\t\t<li class=\"elementor-icon-list-item\">\n\t\t\t\t\t\t\t\t\t\t\t<span class=\"elementor-icon-list-icon\">\n\t\t\t\t\t\t\t<i aria-hidden=\"true\" class=\"fab fa-facebook\"><\/i>\t\t\t\t\t\t<\/span>\n\t\t\t\t\t\t\t\t\t\t<span class=\"elementor-icon-list-text\"><\/span>\n\t\t\t\t\t\t\t\t\t<\/li>\n\t\t\t\t\t\t\t\t<li class=\"elementor-icon-list-item\">\n\t\t\t\t\t\t\t\t\t\t\t<span class=\"elementor-icon-list-icon\">\n\t\t\t\t\t\t\t<i aria-hidden=\"true\" class=\"fab fa-instagram\"><\/i>\t\t\t\t\t\t<\/span>\n\t\t\t\t\t\t\t\t\t\t<span class=\"elementor-icon-list-text\"><\/span>\n\t\t\t\t\t\t\t\t\t<\/li>\n\t\t\t\t\t\t\t\t<li class=\"elementor-icon-list-item\">\n\t\t\t\t\t\t\t\t\t\t\t<span class=\"elementor-icon-list-icon\">\n\t\t\t\t\t\t\t<i aria-hidden=\"true\" class=\"fab fa-tiktok\"><\/i>\t\t\t\t\t\t<\/span>\n\t\t\t\t\t\t\t\t\t\t<span class=\"elementor-icon-list-text\"><\/span>\n\t\t\t\t\t\t\t\t\t<\/li>\n\t\t\t\t\t\t\t\t<li class=\"elementor-icon-list-item\">\n\t\t\t\t\t\t\t\t\t\t\t<span class=\"elementor-icon-list-icon\">\n\t\t\t\t\t\t\t<i aria-hidden=\"true\" class=\"fab fa-youtube\"><\/i>\t\t\t\t\t\t<\/span>\n\t\t\t\t\t\t\t\t\t\t<span class=\"elementor-icon-list-text\"><\/span>\n\t\t\t\t\t\t\t\t\t<\/li>\n\t\t\t\t\t\t<\/ul>\n\t\t\t\t\t\t<\/div>\n\t\t\t\t<\/div>\n\t\t\t\t<\/div>\n\t\t<div class=\"elementor-element elementor-element-e5dc844 e-con-full e-flex e-con e-child\" data-id=\"e5dc844\" data-element_type=\"container\">\n\t\t<div class=\"elementor-element elementor-element-fd0cae2 e-con-full e-flex e-con e-child\" data-id=\"fd0cae2\" data-element_type=\"container\" data-settings=\"{&quot;background_background&quot;:&quot;classic&quot;}\">\n\t\t\t\t<div class=\"elementor-element elementor-element-6c7aeae elementor-widget elementor-widget-heading\" data-id=\"6c7aeae\" data-element_type=\"widget\" data-widget_type=\"heading.default\">\n\t\t\t\t<div class=\"elementor-widget-container\">\n\t\t\t\t\t<h1 class=\"elementor-heading-title elementor-size-default\">Politique de confidentialit\u00e9<\/h1>\t\t\t\t<\/div>\n\t\t\t\t<\/div>\n\t\t\t\t<div class=\"elementor-element elementor-element-18aae11 elementor-widget elementor-widget-shortcode\" data-id=\"18aae11\" data-element_type=\"widget\" data-widget_type=\"shortcode.default\">\n\t\t\t\t<div class=\"elementor-widget-container\">\n\t\t\t\t\t\t\t<div class=\"elementor-shortcode\"><nav aria-label=\"breadcrumbs\" class=\"rank-math-breadcrumb\"><p><span class=\"last\">Home<\/span><\/p><\/nav><\/div>\n\t\t\t\t\t\t<\/div>\n\t\t\t\t<\/div>\n\t\t\t\t<\/div>\n\t\t<div class=\"elementor-element elementor-element-e5e2692 e-con-full e-flex e-con e-child\" data-id=\"e5e2692\" data-element_type=\"container\">\n\t\t\t\t<div class=\"elementor-element elementor-element-47e5a57 policy elementor-widget elementor-widget-text-editor\" data-id=\"47e5a57\" data-element_type=\"widget\" data-widget_type=\"text-editor.default\">\n\t\t\t\t<div class=\"elementor-widget-container\">\n\t\t\t\t\t\t\t\t\t<p><strong>Politique de confidentialit\u00e9 pour Proyecto El Arfero Alicante S.L.<\/strong><\/p>\n<p><strong>1) Garanties en mati\u00e8re de protection de la vie priv\u00e9e<\/strong><\/p>\n<p>La protection de la vie priv\u00e9e des visiteurs de https:\/\/proyecto-elarfero.com est une t\u00e2che importante pour nous. Par cons\u00e9quent, dans notre politique de confidentialit\u00e9, nous d\u00e9crivons les informations que nous recueillons et la mani\u00e8re dont nous les utilisons.<\/p>\n<p><strong>2) Consentement<\/strong><\/p>\n<p>En utilisant les informations et les services sur https:\/\/proyecto-elarfero.com, vous acceptez notre politique de confidentialit\u00e9 et les termes et conditions contenus dans le pr\u00e9sent document.<\/p>\n<p><strong>3) Questions<\/strong><\/p>\n<p>Si vous souhaitez recevoir plus d&rsquo;informations ou si vous avez des questions sur la politique de confidentialit\u00e9 d&rsquo;El Arfero et sur https:\/\/proyecto-elarfero.com en particulier, veuillez nous contacter par courrier \u00e9lectronique. Notre adresse \u00e9lectronique est info@proyecto-elarfero.com.<\/p>\n<p><strong>4) Suivi du comportement des visiteurs<\/strong><\/p>\n<p>https:\/\/proyecto-elarfero.com utilise diverses techniques pour savoir qui visite le site web, comment ce visiteur se comporte sur le site web et quelles sont les pages visit\u00e9es. Il s&rsquo;agit d&rsquo;une pratique courante pour les sites web, car elle fournit des informations qui contribuent \u00e0 la qualit\u00e9 de l&rsquo;exp\u00e9rience de l&rsquo;utilisateur. Les informations que nous enregistrons par le biais des cookies comprennent les adresses IP, le type de navigateur et les pages visit\u00e9es.<\/p>\n<p>Nous suivons \u00e9galement l&rsquo;endroit o\u00f9 les visiteurs se rendent pour la premi\u00e8re fois sur le site web et la page qu&rsquo;ils quittent. Ces informations restent anonymes et ne sont pas li\u00e9es \u00e0 d&rsquo;autres informations personnelles.<\/p>\n<p><strong>5) Utilisation de cookies<\/strong><\/p>\n<p>https:\/\/proyecto-elarfero.com place des cookies aupr\u00e8s des visiteurs. Nous le faisons pour collecter des informations sur les pages que les utilisateurs visitent sur notre site web, pour savoir combien de fois les visiteurs reviennent et pour voir quelles sont les pages qui marchent bien sur le site web. Nous gardons \u00e9galement la trace des informations partag\u00e9es par le navigateur.<\/p>\n<p><strong>6) D\u00e9sactivation des cookies<\/strong><\/p>\n<p>Vous pouvez choisir de d\u00e9sactiver les cookies. Vous pouvez le faire en utilisant les options de votre navigateur. Vous trouverez de plus amples informations sur ces options sur le site web de votre fournisseur de navigateur.<\/p>\n<p><strong>7) Cookies de tiers<\/strong><\/p>\n<p>Des tiers, tels que Google, peuvent faire de la publicit\u00e9 sur notre site web ou nous pouvons utiliser un autre service. Pour ce faire, ces tiers placent des cookies dans certains cas. Ces cookies ne peuvent pas \u00eatre influenc\u00e9s par https:\/\/proyecto-elarfero.com.<\/p>\n\t\t\t\t\t\t\t\t<\/div>\n\t\t\t\t<\/div>\n\t\t\t\t<\/div>\n\t\t\t\t<\/div>\n\t\t\t\t<\/div>\n\t\t\t\t<\/div>\n\t\t","protected":false},"excerpt":{"rendered":"<p>Politique de confidentialit\u00e9 Politique de confidentialit\u00e9 pour Proyecto El Arfero Alicante S.L. 1) Garanties en mati\u00e8re de protection de la vie priv\u00e9e La protection de la vie priv\u00e9e des visiteurs de https:\/\/proyecto-elarfero.com est une t\u00e2che importante pour nous. Par cons\u00e9quent, dans notre politique de confidentialit\u00e9, nous d\u00e9crivons les informations que nous recueillons et la mani\u00e8re [&hellip;]<\/p>\n","protected":false},"author":2,"featured_media":0,"parent":0,"menu_order":0,"comment_status":"closed","ping_status":"closed","template":"","meta":{"_acf_changed":false,"footnotes":""},"class_list":["post-2314","page","type-page","status-publish","hentry"],"acf":[],"_links":{"self":[{"href":"https:\/\/proyecto-elarfero.com\/fr\/wp-json\/wp\/v2\/pages\/2314","targetHints":{"allow":["GET"]}}],"collection":[{"href":"https:\/\/proyecto-elarfero.com\/fr\/wp-json\/wp\/v2\/pages"}],"about":[{"href":"https:\/\/proyecto-elarfero.com\/fr\/wp-json\/wp\/v2\/types\/page"}],"author":[{"embeddable":true,"href":"https:\/\/proyecto-elarfero.com\/fr\/wp-json\/wp\/v2\/users\/2"}],"replies":[{"embeddable":true,"href":"https:\/\/proyecto-elarfero.com\/fr\/wp-json\/wp\/v2\/comments?post=2314"}],"version-history":[{"count":0,"href":"https:\/\/proyecto-elarfero.com\/fr\/wp-json\/wp\/v2\/pages\/2314\/revisions"}],"wp:attachment":[{"href":"https:\/\/proyecto-elarfero.com\/fr\/wp-json\/wp\/v2\/media?parent=2314"}],"curies":[{"name":"wp","href":"https:\/\/api.w.org\/{rel}","templated":true}]}}