{"id":2140,"date":"2023-04-24T06:56:55","date_gmt":"2023-04-24T06:56:55","guid":{"rendered":"https:\/\/proyecto-elarfero.com\/nos-projets\/"},"modified":"2023-06-02T06:39:48","modified_gmt":"2023-06-02T06:39:48","slug":"nos-projets","status":"publish","type":"page","link":"https:\/\/proyecto-elarfero.com\/fr\/nos-projets\/","title":{"rendered":"Nos projets"},"content":{"rendered":"\t\t<div data-elementor-type=\"wp-page\" data-elementor-id=\"2140\" class=\"elementor elementor-2140 elementor-47\" data-elementor-post-type=\"page\">\n\t\t\t\t<div class=\"elementor-element elementor-element-84d2028 e-con-full e-flex e-con e-parent\" data-id=\"84d2028\" data-element_type=\"container\">\n\t\t<div class=\"elementor-element elementor-element-95a3357 e-con-full elementor-hidden-tablet elementor-hidden-mobile e-flex e-con e-child\" data-id=\"95a3357\" data-element_type=\"container\">\n\t\t\t\t<div class=\"elementor-element elementor-element-2ca7117 elementor-align-center sticky elementor-icon-list--layout-traditional elementor-list-item-link-full_width elementor-widget elementor-widget-icon-list\" data-id=\"2ca7117\" data-element_type=\"widget\" data-widget_type=\"icon-list.default\">\n\t\t\t\t<div class=\"elementor-widget-container\">\n\t\t\t\t\t\t\t<ul class=\"elementor-icon-list-items\">\n\t\t\t\t\t\t\t<li class=\"elementor-icon-list-item\">\n\t\t\t\t\t\t\t\t\t\t\t<a href=\"https:\/\/www.facebook.com\/ProyectoElArfero\" target=\"_blank\" rel=\"noopener\">\n\n\t\t\t\t\t\t\t\t\t\t\t\t<span class=\"elementor-icon-list-icon\">\n\t\t\t\t\t\t\t<i aria-hidden=\"true\" class=\"fab fa-facebook\"><\/i>\t\t\t\t\t\t<\/span>\n\t\t\t\t\t\t\t\t\t\t<span class=\"elementor-icon-list-text\"><\/span>\n\t\t\t\t\t\t\t\t\t\t\t<\/a>\n\t\t\t\t\t\t\t\t\t<\/li>\n\t\t\t\t\t\t\t\t<li class=\"elementor-icon-list-item\">\n\t\t\t\t\t\t\t\t\t\t\t<a href=\"https:\/\/www.instagram.com\/proyecto_elarfero\/\" target=\"_blank\" rel=\"noopener\">\n\n\t\t\t\t\t\t\t\t\t\t\t\t<span class=\"elementor-icon-list-icon\">\n\t\t\t\t\t\t\t<i aria-hidden=\"true\" class=\"fab fa-instagram\"><\/i>\t\t\t\t\t\t<\/span>\n\t\t\t\t\t\t\t\t\t\t<span class=\"elementor-icon-list-text\"><\/span>\n\t\t\t\t\t\t\t\t\t\t\t<\/a>\n\t\t\t\t\t\t\t\t\t<\/li>\n\t\t\t\t\t\t\t\t<li class=\"elementor-icon-list-item\">\n\t\t\t\t\t\t\t\t\t\t\t<a href=\"https:\/\/www.youtube.com\/channel\/UCwXQhB5lWSrn8Xyi1IgoPrg\" target=\"_blank\" rel=\"noopener\">\n\n\t\t\t\t\t\t\t\t\t\t\t\t<span class=\"elementor-icon-list-icon\">\n\t\t\t\t\t\t\t<i aria-hidden=\"true\" class=\"fab fa-youtube\"><\/i>\t\t\t\t\t\t<\/span>\n\t\t\t\t\t\t\t\t\t\t<span class=\"elementor-icon-list-text\"><\/span>\n\t\t\t\t\t\t\t\t\t\t\t<\/a>\n\t\t\t\t\t\t\t\t\t<\/li>\n\t\t\t\t\t\t<\/ul>\n\t\t\t\t\t\t<\/div>\n\t\t\t\t<\/div>\n\t\t\t\t<\/div>\n\t\t<div class=\"elementor-element elementor-element-59e3d56 e-con-full e-flex e-con e-child\" data-id=\"59e3d56\" data-element_type=\"container\">\n\t\t<div class=\"elementor-element elementor-element-66a1ca8 e-con-full e-flex e-con e-child\" data-id=\"66a1ca8\" data-element_type=\"container\" data-settings=\"{&quot;background_background&quot;:&quot;classic&quot;}\">\n\t\t\t\t<div class=\"elementor-element elementor-element-849ef77 elementor-widget elementor-widget-heading\" data-id=\"849ef77\" data-element_type=\"widget\" data-widget_type=\"heading.default\">\n\t\t\t\t<div class=\"elementor-widget-container\">\n\t\t\t\t\t<h1 class=\"elementor-heading-title elementor-size-default\">Nos projets<\/h1>\t\t\t\t<\/div>\n\t\t\t\t<\/div>\n\t\t\t\t<div class=\"elementor-element elementor-element-7c2bc93 elementor-widget elementor-widget-shortcode\" data-id=\"7c2bc93\" data-element_type=\"widget\" data-widget_type=\"shortcode.default\">\n\t\t\t\t<div class=\"elementor-widget-container\">\n\t\t\t\t\t\t\t<div class=\"elementor-shortcode\"><nav aria-label=\"breadcrumbs\" class=\"rank-math-breadcrumb\"><p><span class=\"last\">Home<\/span><\/p><\/nav><\/div>\n\t\t\t\t\t\t<\/div>\n\t\t\t\t<\/div>\n\t\t\t\t<\/div>\n\t\t<div class=\"elementor-element elementor-element-c2850a7 e-con-full e-flex e-con e-child\" data-id=\"c2850a7\" data-element_type=\"container\">\n\t\t<div class=\"elementor-element elementor-element-3ac8fb0 e-con-full e-flex e-con e-child\" data-id=\"3ac8fb0\" data-element_type=\"container\">\n\t\t\t\t<div class=\"elementor-element elementor-element-f24e3b5 elementor-widget elementor-widget-text-editor\" data-id=\"f24e3b5\" data-element_type=\"widget\" data-widget_type=\"text-editor.default\">\n\t\t\t\t<div class=\"elementor-widget-container\">\n\t\t\t\t\t\t\t\t\t<p><span style=\"font-weight: 400;\">Pour les investissements li\u00e9s au style de vie, l&rsquo;Espagne reste l&rsquo;une des destinations les plus populaires au monde et donc \u00e9galement pour l&rsquo;achat d&rsquo;une r\u00e9sidence secondaire. Surtout apr\u00e8s la pand\u00e9mie de grippe aviaire, tout le monde a besoin d&rsquo;un peu plus de soleil ! <\/span><\/p>\n<p><span style=\"font-weight: 400;\">La Costa Blanca a le grand avantage de poss\u00e9der \u00ab\u00a0l&rsquo;une des zones climatiques les plus parfaites du monde\u00a0\u00bb, avec plus de 300 jours de soleil par an, de faibles pr\u00e9cipitations, une faible humidit\u00e9 et une temp\u00e9rature moyenne de 20 degr\u00e9s. L&rsquo;acc\u00e8s \u00e0 plusieurs a\u00e9roports permet \u00e9galement de passer des vacances en Espagne en toute tranquillit\u00e9, puisqu&rsquo;il suffit de 45 minutes de route pour se rendre \u00e0 l&rsquo;a\u00e9roport d&rsquo;Alicante ! <\/span><\/p>\n<p><span style=\"font-weight: 400;\">Les familles ont le choix entre 200 km de c\u00f4tes ! Il y a des plages magnifiques \u00e0 perte de vue ! Si vous \u00eates passionn\u00e9 de golf, vous trouverez sur la Costa Blanca plusieurs terrains de golf qui mettront votre niveau \u00e0 l&rsquo;\u00e9preuve ! <\/span><\/p>\n\t\t\t\t\t\t\t\t<\/div>\n\t\t\t\t<\/div>\n\t\t\t\t<\/div>\n\t\t<div class=\"elementor-element elementor-element-389f7a8 e-con-full e-flex e-con e-child\" data-id=\"389f7a8\" data-element_type=\"container\">\n\t\t\t\t<div class=\"elementor-element elementor-element-3acca5e elementor-widget elementor-widget-text-editor\" data-id=\"3acca5e\" data-element_type=\"widget\" data-widget_type=\"text-editor.default\">\n\t\t\t\t<div class=\"elementor-widget-container\">\n\t\t\t\t\t\t\t\t\t<p><span style=\"font-weight: 400;\">Pour les acheteurs, bien s\u00fbr, il y a aussi l&rsquo;indispensable. ; Le boulevard Zenia est l&rsquo;un des plus grands centres commerciaux de la communaut\u00e9 valencienne.<\/span><span style=\"font-weight: 400;\"><br \/><\/span><span style=\"font-weight: 400;\">Les amateurs de cuisine et de restauration ne seront certainement pas d\u00e9\u00e7us. En raison des diff\u00e9rentes nationalit\u00e9s pr\u00e9sentes sur la Costa Blanca, vous disposez d&rsquo;un tr\u00e8s large choix de types de cuisines, pour tous les go\u00fbts.<\/span><\/p>\n<p><span style=\"font-weight: 400;\">La Costa Blanca est donc l&rsquo;endroit id\u00e9al pour construire la maison de vos r\u00eaves.<\/span><\/p>\n<p><span style=\"font-weight: 400;\">PROYECTO EL ARFERO est le partenaire qu&rsquo;il vous faut !<\/span><\/p>\n\t\t\t\t\t\t\t\t<\/div>\n\t\t\t\t<\/div>\n\t\t\t\t<div class=\"elementor-element elementor-element-8ee7711 elementor-align-left elementor-widget elementor-widget-button\" data-id=\"8ee7711\" data-element_type=\"widget\" data-widget_type=\"button.default\">\n\t\t\t\t<div class=\"elementor-widget-container\">\n\t\t\t\t\t\t\t\t\t<div class=\"elementor-button-wrapper\">\n\t\t\t\t\t<a class=\"elementor-button elementor-button-link elementor-size-sm\" href=\"https:\/\/proyecto-elarfero.com\/fr\/a-propos-de-nous\/\">\n\t\t\t\t\t\t<span class=\"elementor-button-content-wrapper\">\n\t\t\t\t\t\t\t\t\t<span class=\"elementor-button-text\">EN SAVOIR PLUS SUR NOUS<\/span>\n\t\t\t\t\t<\/span>\n\t\t\t\t\t<\/a>\n\t\t\t\t<\/div>\n\t\t\t\t\t\t\t\t<\/div>\n\t\t\t\t<\/div>\n\t\t\t\t<\/div>\n\t\t\t\t<\/div>\n\t\t<div class=\"elementor-element elementor-element-22227d2 e-flex e-con-boxed e-con e-child\" data-id=\"22227d2\" data-element_type=\"container\">\n\t\t\t\t\t<div class=\"e-con-inner\">\n\t\t\t\t<div class=\"elementor-element elementor-element-e2b41e9 elementor-widget elementor-widget-gallery\" data-id=\"e2b41e9\" data-element_type=\"widget\" data-settings=\"{&quot;lazyload&quot;:&quot;yes&quot;,&quot;gallery_layout&quot;:&quot;grid&quot;,&quot;columns&quot;:4,&quot;columns_tablet&quot;:2,&quot;columns_mobile&quot;:1,&quot;gap&quot;:{&quot;unit&quot;:&quot;px&quot;,&quot;size&quot;:10,&quot;sizes&quot;:[]},&quot;gap_tablet&quot;:{&quot;unit&quot;:&quot;px&quot;,&quot;size&quot;:10,&quot;sizes&quot;:[]},&quot;gap_mobile&quot;:{&quot;unit&quot;:&quot;px&quot;,&quot;size&quot;:10,&quot;sizes&quot;:[]},&quot;link_to&quot;:&quot;file&quot;,&quot;aspect_ratio&quot;:&quot;3:2&quot;,&quot;overlay_background&quot;:&quot;yes&quot;,&quot;content_hover_animation&quot;:&quot;fade-in&quot;}\" data-widget_type=\"gallery.default\">\n\t\t\t\t<div class=\"elementor-widget-container\">\n\t\t\t\t\t\t\t<div class=\"elementor-gallery__container\">\n\t\t\t\t\t\t\t<a class=\"e-gallery-item elementor-gallery-item elementor-animated-content\" href=\"https:\/\/proyecto-elarfero.com\/wp-content\/uploads\/2023\/05\/02_Charnela-scaled.jpg\" data-elementor-open-lightbox=\"yes\" data-elementor-lightbox-slideshow=\"e2b41e9\" data-elementor-lightbox-title=\"02_Charnela\" data-e-action-hash=\"#elementor-action%3Aaction%3Dlightbox%26settings%3DeyJpZCI6MTYxMCwidXJsIjoiaHR0cHM6XC9cL3Byb3llY3RvLWVsYXJmZXJvLmNvbVwvd3AtY29udGVudFwvdXBsb2Fkc1wvMjAyM1wvMDVcLzAyX0NoYXJuZWxhLXNjYWxlZC5qcGciLCJzbGlkZXNob3ciOiJlMmI0MWU5In0%3D\">\n\t\t\t\t\t<div class=\"e-gallery-image elementor-gallery-item__image\" data-thumbnail=\"https:\/\/proyecto-elarfero.com\/wp-content\/uploads\/2023\/05\/02_Charnela-scaled.jpg\" data-width=\"2560\" data-height=\"1810\" aria-label=\"\" role=\"img\" ><\/div>\n\t\t\t\t\t\t\t\t\t\t\t<div class=\"elementor-gallery-item__overlay\"><\/div>\n\t\t\t\t\t\t\t\t\t\t\t\t\t\t<\/a>\n\t\t\t\t\t\t\t<a class=\"e-gallery-item elementor-gallery-item elementor-animated-content\" href=\"https:\/\/proyecto-elarfero.com\/wp-content\/uploads\/2023\/05\/04-klein.jpg\" data-elementor-open-lightbox=\"yes\" data-elementor-lightbox-slideshow=\"e2b41e9\" data-elementor-lightbox-title=\"04 klein\" data-e-action-hash=\"#elementor-action%3Aaction%3Dlightbox%26settings%3DeyJpZCI6MTYxNCwidXJsIjoiaHR0cHM6XC9cL3Byb3llY3RvLWVsYXJmZXJvLmNvbVwvd3AtY29udGVudFwvdXBsb2Fkc1wvMjAyM1wvMDVcLzA0LWtsZWluLmpwZyIsInNsaWRlc2hvdyI6ImUyYjQxZTkifQ%3D%3D\">\n\t\t\t\t\t<div class=\"e-gallery-image elementor-gallery-item__image\" data-thumbnail=\"https:\/\/proyecto-elarfero.com\/wp-content\/uploads\/2023\/05\/04-klein.jpg\" data-width=\"1637\" data-height=\"1157\" aria-label=\"\" role=\"img\" ><\/div>\n\t\t\t\t\t\t\t\t\t\t\t<div class=\"elementor-gallery-item__overlay\"><\/div>\n\t\t\t\t\t\t\t\t\t\t\t\t\t\t<\/a>\n\t\t\t\t\t\t\t<a class=\"e-gallery-item elementor-gallery-item elementor-animated-content\" href=\"https:\/\/proyecto-elarfero.com\/wp-content\/uploads\/2023\/05\/04_Fachada-Sur-scaled.jpg\" data-elementor-open-lightbox=\"yes\" data-elementor-lightbox-slideshow=\"e2b41e9\" data-elementor-lightbox-title=\"04_Fachada Sur\" data-e-action-hash=\"#elementor-action%3Aaction%3Dlightbox%26settings%3DeyJpZCI6MTYxOCwidXJsIjoiaHR0cHM6XC9cL3Byb3llY3RvLWVsYXJmZXJvLmNvbVwvd3AtY29udGVudFwvdXBsb2Fkc1wvMjAyM1wvMDVcLzA0X0ZhY2hhZGEtU3VyLXNjYWxlZC5qcGciLCJzbGlkZXNob3ciOiJlMmI0MWU5In0%3D\">\n\t\t\t\t\t<div class=\"e-gallery-image elementor-gallery-item__image\" data-thumbnail=\"https:\/\/proyecto-elarfero.com\/wp-content\/uploads\/2023\/05\/04_Fachada-Sur-scaled.jpg\" data-width=\"2560\" data-height=\"1810\" aria-label=\"\" role=\"img\" ><\/div>\n\t\t\t\t\t\t\t\t\t\t\t<div class=\"elementor-gallery-item__overlay\"><\/div>\n\t\t\t\t\t\t\t\t\t\t\t\t\t\t<\/a>\n\t\t\t\t\t\t\t<a class=\"e-gallery-item elementor-gallery-item elementor-animated-content\" href=\"https:\/\/proyecto-elarfero.com\/wp-content\/uploads\/2023\/05\/05_Piscina-scaled.jpg\" data-elementor-open-lightbox=\"yes\" data-elementor-lightbox-slideshow=\"e2b41e9\" data-elementor-lightbox-title=\"05_Piscina\" data-e-action-hash=\"#elementor-action%3Aaction%3Dlightbox%26settings%3DeyJpZCI6MTYyMiwidXJsIjoiaHR0cHM6XC9cL3Byb3llY3RvLWVsYXJmZXJvLmNvbVwvd3AtY29udGVudFwvdXBsb2Fkc1wvMjAyM1wvMDVcLzA1X1Bpc2NpbmEtc2NhbGVkLmpwZyIsInNsaWRlc2hvdyI6ImUyYjQxZTkifQ%3D%3D\">\n\t\t\t\t\t<div class=\"e-gallery-image elementor-gallery-item__image\" data-thumbnail=\"https:\/\/proyecto-elarfero.com\/wp-content\/uploads\/2023\/05\/05_Piscina-scaled.jpg\" data-width=\"2560\" data-height=\"1810\" aria-label=\"\" role=\"img\" ><\/div>\n\t\t\t\t\t\t\t\t\t\t\t<div class=\"elementor-gallery-item__overlay\"><\/div>\n\t\t\t\t\t\t\t\t\t\t\t\t\t\t<\/a>\n\t\t\t\t\t\t\t<a class=\"e-gallery-item elementor-gallery-item elementor-animated-content\" href=\"https:\/\/proyecto-elarfero.com\/wp-content\/uploads\/2023\/05\/CASA-5.1.png\" data-elementor-open-lightbox=\"yes\" data-elementor-lightbox-slideshow=\"e2b41e9\" data-elementor-lightbox-title=\"CASA 5.1\" data-e-action-hash=\"#elementor-action%3Aaction%3Dlightbox%26settings%3DeyJpZCI6MTYyNiwidXJsIjoiaHR0cHM6XC9cL3Byb3llY3RvLWVsYXJmZXJvLmNvbVwvd3AtY29udGVudFwvdXBsb2Fkc1wvMjAyM1wvMDVcL0NBU0EtNS4xLnBuZyIsInNsaWRlc2hvdyI6ImUyYjQxZTkifQ%3D%3D\">\n\t\t\t\t\t<div class=\"e-gallery-image elementor-gallery-item__image\" data-thumbnail=\"https:\/\/proyecto-elarfero.com\/wp-content\/uploads\/2023\/05\/CASA-5.1.png\" data-width=\"1260\" data-height=\"709\" aria-label=\"\" role=\"img\" ><\/div>\n\t\t\t\t\t\t\t\t\t\t\t<div class=\"elementor-gallery-item__overlay\"><\/div>\n\t\t\t\t\t\t\t\t\t\t\t\t\t\t<\/a>\n\t\t\t\t\t\t\t<a class=\"e-gallery-item elementor-gallery-item elementor-animated-content\" href=\"https:\/\/proyecto-elarfero.com\/wp-content\/uploads\/2023\/05\/CASA-5.2.png\" data-elementor-open-lightbox=\"yes\" data-elementor-lightbox-slideshow=\"e2b41e9\" data-elementor-lightbox-title=\"CASA 5.2\" data-e-action-hash=\"#elementor-action%3Aaction%3Dlightbox%26settings%3DeyJpZCI6MTYzMCwidXJsIjoiaHR0cHM6XC9cL3Byb3llY3RvLWVsYXJmZXJvLmNvbVwvd3AtY29udGVudFwvdXBsb2Fkc1wvMjAyM1wvMDVcL0NBU0EtNS4yLnBuZyIsInNsaWRlc2hvdyI6ImUyYjQxZTkifQ%3D%3D\">\n\t\t\t\t\t<div class=\"e-gallery-image elementor-gallery-item__image\" data-thumbnail=\"https:\/\/proyecto-elarfero.com\/wp-content\/uploads\/2023\/05\/CASA-5.2.png\" data-width=\"1260\" data-height=\"709\" aria-label=\"\" role=\"img\" ><\/div>\n\t\t\t\t\t\t\t\t\t\t\t<div class=\"elementor-gallery-item__overlay\"><\/div>\n\t\t\t\t\t\t\t\t\t\t\t\t\t\t<\/a>\n\t\t\t\t\t\t\t<a class=\"e-gallery-item elementor-gallery-item elementor-animated-content\" href=\"https:\/\/proyecto-elarfero.com\/wp-content\/uploads\/2023\/05\/CASA-5.3.png\" data-elementor-open-lightbox=\"yes\" data-elementor-lightbox-slideshow=\"e2b41e9\" data-elementor-lightbox-title=\"CASA 5.3\" data-e-action-hash=\"#elementor-action%3Aaction%3Dlightbox%26settings%3DeyJpZCI6MTYzNCwidXJsIjoiaHR0cHM6XC9cL3Byb3llY3RvLWVsYXJmZXJvLmNvbVwvd3AtY29udGVudFwvdXBsb2Fkc1wvMjAyM1wvMDVcL0NBU0EtNS4zLnBuZyIsInNsaWRlc2hvdyI6ImUyYjQxZTkifQ%3D%3D\">\n\t\t\t\t\t<div class=\"e-gallery-image elementor-gallery-item__image\" data-thumbnail=\"https:\/\/proyecto-elarfero.com\/wp-content\/uploads\/2023\/05\/CASA-5.3.png\" data-width=\"1205\" data-height=\"678\" aria-label=\"\" role=\"img\" ><\/div>\n\t\t\t\t\t\t\t\t\t\t\t<div class=\"elementor-gallery-item__overlay\"><\/div>\n\t\t\t\t\t\t\t\t\t\t\t\t\t\t<\/a>\n\t\t\t\t\t\t\t<a class=\"e-gallery-item elementor-gallery-item elementor-animated-content\" href=\"https:\/\/proyecto-elarfero.com\/wp-content\/uploads\/2023\/05\/Panel_DSA22-klein-scaled.jpg\" data-elementor-open-lightbox=\"yes\" data-elementor-lightbox-slideshow=\"e2b41e9\" data-elementor-lightbox-title=\"Panel_DSA22 klein\" data-e-action-hash=\"#elementor-action%3Aaction%3Dlightbox%26settings%3DeyJpZCI6MTYzOSwidXJsIjoiaHR0cHM6XC9cL3Byb3llY3RvLWVsYXJmZXJvLmNvbVwvd3AtY29udGVudFwvdXBsb2Fkc1wvMjAyM1wvMDVcL1BhbmVsX0RTQTIyLWtsZWluLXNjYWxlZC5qcGciLCJzbGlkZXNob3ciOiJlMmI0MWU5In0%3D\">\n\t\t\t\t\t<div class=\"e-gallery-image elementor-gallery-item__image\" data-thumbnail=\"https:\/\/proyecto-elarfero.com\/wp-content\/uploads\/2023\/05\/Panel_DSA22-klein-scaled.jpg\" data-width=\"2560\" data-height=\"1626\" aria-label=\"\" role=\"img\" ><\/div>\n\t\t\t\t\t\t\t\t\t\t\t<div class=\"elementor-gallery-item__overlay\"><\/div>\n\t\t\t\t\t\t\t\t\t\t\t\t\t\t<\/a>\n\t\t\t\t\t<\/div>\n\t\t\t\t\t<\/div>\n\t\t\t\t<\/div>\n\t\t\t\t\t<\/div>\n\t\t\t\t<\/div>\n\t\t<div class=\"elementor-element elementor-element-330687e e-con-full e-flex e-con e-child\" data-id=\"330687e\" data-element_type=\"container\" data-settings=\"{&quot;background_background&quot;:&quot;classic&quot;}\">\n\t\t<div class=\"elementor-element elementor-element-c443ca2 e-con-full e-flex e-con e-child\" data-id=\"c443ca2\" data-element_type=\"container\">\n\t\t\t\t<div class=\"elementor-element elementor-element-43b9276 elementor-widget elementor-widget-heading\" data-id=\"43b9276\" data-element_type=\"widget\" data-widget_type=\"heading.default\">\n\t\t\t\t<div class=\"elementor-widget-container\">\n\t\t\t\t\t<h2 class=\"elementor-heading-title elementor-size-default\">Restez inform\u00e9 de notre offre<\/h2>\t\t\t\t<\/div>\n\t\t\t\t<\/div>\n\t\t\t\t<div class=\"elementor-element elementor-element-0b49cb1 elementor-button-align-stretch elementor-widget elementor-widget-form\" data-id=\"0b49cb1\" data-element_type=\"widget\" data-settings=\"{&quot;button_width&quot;:&quot;20&quot;,&quot;step_next_label&quot;:&quot;Suivant&quot;,&quot;step_previous_label&quot;:&quot;Pr\\u00e9c\\u00e9dent&quot;,&quot;step_type&quot;:&quot;number_text&quot;,&quot;step_icon_shape&quot;:&quot;circle&quot;}\" data-widget_type=\"form.default\">\n\t\t\t\t<div class=\"elementor-widget-container\">\n\t\t\t\t\t\t\t<form class=\"elementor-form\" method=\"post\" name=\"Formulaire newsletter\" aria-label=\"Formulaire newsletter\">\n\t\t\t<input type=\"hidden\" name=\"post_id\" value=\"2140\"\/>\n\t\t\t<input type=\"hidden\" name=\"form_id\" value=\"0b49cb1\"\/>\n\t\t\t<input type=\"hidden\" name=\"referer_title\" value=\"\" \/>\n\n\t\t\t\n\t\t\t<div class=\"elementor-form-fields-wrapper elementor-labels-\">\n\t\t\t\t\t\t\t\t<div class=\"elementor-field-type-email elementor-field-group elementor-column elementor-field-group-name elementor-col-80 elementor-field-required\">\n\t\t\t\t\t\t\t\t\t\t\t\t<label for=\"form-field-name\" class=\"elementor-field-label elementor-screen-only\">\n\t\t\t\t\t\t\t\tE-mail\t\t\t\t\t\t\t<\/label>\n\t\t\t\t\t\t\t\t\t\t\t\t\t\t<input size=\"1\" type=\"email\" name=\"form_fields[name]\" id=\"form-field-name\" class=\"elementor-field elementor-size-md  elementor-field-textual\" placeholder=\"E-mail\" required=\"required\">\n\t\t\t\t\t\t\t\t\t\t\t<\/div>\n\t\t\t\t\t\t\t\t<div class=\"elementor-field-group elementor-column elementor-field-type-submit elementor-col-20 e-form__buttons\">\n\t\t\t\t\t<button class=\"elementor-button elementor-size-md\" type=\"submit\">\n\t\t\t\t\t\t<span class=\"elementor-button-content-wrapper\">\n\t\t\t\t\t\t\t\t\t\t\t\t\t\t\t\t\t\t\t\t\t\t<span class=\"elementor-button-text\">S'abonner<\/span>\n\t\t\t\t\t\t\t\t\t\t\t\t\t<\/span>\n\t\t\t\t\t<\/button>\n\t\t\t\t<\/div>\n\t\t\t<\/div>\n\t\t<\/form>\n\t\t\t\t\t\t<\/div>\n\t\t\t\t<\/div>\n\t\t\t\t<\/div>\n\t\t\t\t<\/div>\n\t\t\t\t<\/div>\n\t\t\t\t<\/div>\n\t\t\t\t<\/div>\n\t\t","protected":false},"excerpt":{"rendered":"<p>Nos projets Pour les investissements li\u00e9s au style de vie, l&rsquo;Espagne reste l&rsquo;une des destinations les plus populaires au monde et donc \u00e9galement pour l&rsquo;achat d&rsquo;une r\u00e9sidence secondaire. Surtout apr\u00e8s la pand\u00e9mie de grippe aviaire, tout le monde a besoin d&rsquo;un peu plus de soleil ! La Costa Blanca a le grand avantage de poss\u00e9der [&hellip;]<\/p>\n","protected":false},"author":2,"featured_media":0,"parent":0,"menu_order":0,"comment_status":"closed","ping_status":"closed","template":"","meta":{"_acf_changed":false,"footnotes":""},"class_list":["post-2140","page","type-page","status-publish","hentry"],"acf":[],"_links":{"self":[{"href":"https:\/\/proyecto-elarfero.com\/fr\/wp-json\/wp\/v2\/pages\/2140","targetHints":{"allow":["GET"]}}],"collection":[{"href":"https:\/\/proyecto-elarfero.com\/fr\/wp-json\/wp\/v2\/pages"}],"about":[{"href":"https:\/\/proyecto-elarfero.com\/fr\/wp-json\/wp\/v2\/types\/page"}],"author":[{"embeddable":true,"href":"https:\/\/proyecto-elarfero.com\/fr\/wp-json\/wp\/v2\/users\/2"}],"replies":[{"embeddable":true,"href":"https:\/\/proyecto-elarfero.com\/fr\/wp-json\/wp\/v2\/comments?post=2140"}],"version-history":[{"count":0,"href":"https:\/\/proyecto-elarfero.com\/fr\/wp-json\/wp\/v2\/pages\/2140\/revisions"}],"wp:attachment":[{"href":"https:\/\/proyecto-elarfero.com\/fr\/wp-json\/wp\/v2\/media?parent=2140"}],"curies":[{"name":"wp","href":"https:\/\/api.w.org\/{rel}","templated":true}]}}