{"id":2320,"date":"2023-03-30T06:45:15","date_gmt":"2023-03-30T06:45:15","guid":{"rendered":"https:\/\/proyecto-elarfero.com\/politica-de-privacidad\/"},"modified":"2023-06-01T06:18:39","modified_gmt":"2023-06-01T06:18:39","slug":"politica-de-privacidad","status":"publish","type":"page","link":"https:\/\/proyecto-elarfero.com\/es\/politica-de-privacidad\/","title":{"rendered":"Pol\u00edtica de privacidad"},"content":{"rendered":"\t\t<div data-elementor-type=\"wp-page\" data-elementor-id=\"2320\" class=\"elementor elementor-2320 elementor-3\" data-elementor-post-type=\"page\">\n\t\t\t\t<div class=\"elementor-element elementor-element-ffcc49e e-con-full e-flex e-con e-parent\" data-id=\"ffcc49e\" data-element_type=\"container\">\n\t\t<div class=\"elementor-element elementor-element-cdc36eb e-con-full elementor-hidden-tablet elementor-hidden-mobile e-flex e-con e-child\" data-id=\"cdc36eb\" data-element_type=\"container\">\n\t\t\t\t<div class=\"elementor-element elementor-element-0bc7fa7 elementor-align-center sticky elementor-icon-list--layout-traditional elementor-list-item-link-full_width elementor-widget elementor-widget-icon-list\" data-id=\"0bc7fa7\" data-element_type=\"widget\" data-widget_type=\"icon-list.default\">\n\t\t\t\t<div class=\"elementor-widget-container\">\n\t\t\t\t\t\t\t<ul class=\"elementor-icon-list-items\">\n\t\t\t\t\t\t\t<li class=\"elementor-icon-list-item\">\n\t\t\t\t\t\t\t\t\t\t\t<span class=\"elementor-icon-list-icon\">\n\t\t\t\t\t\t\t<i aria-hidden=\"true\" class=\"fab fa-facebook\"><\/i>\t\t\t\t\t\t<\/span>\n\t\t\t\t\t\t\t\t\t\t<span class=\"elementor-icon-list-text\"><\/span>\n\t\t\t\t\t\t\t\t\t<\/li>\n\t\t\t\t\t\t\t\t<li class=\"elementor-icon-list-item\">\n\t\t\t\t\t\t\t\t\t\t\t<span class=\"elementor-icon-list-icon\">\n\t\t\t\t\t\t\t<i aria-hidden=\"true\" class=\"fab fa-instagram\"><\/i>\t\t\t\t\t\t<\/span>\n\t\t\t\t\t\t\t\t\t\t<span class=\"elementor-icon-list-text\"><\/span>\n\t\t\t\t\t\t\t\t\t<\/li>\n\t\t\t\t\t\t\t\t<li class=\"elementor-icon-list-item\">\n\t\t\t\t\t\t\t\t\t\t\t<span class=\"elementor-icon-list-icon\">\n\t\t\t\t\t\t\t<i aria-hidden=\"true\" class=\"fab fa-tiktok\"><\/i>\t\t\t\t\t\t<\/span>\n\t\t\t\t\t\t\t\t\t\t<span class=\"elementor-icon-list-text\"><\/span>\n\t\t\t\t\t\t\t\t\t<\/li>\n\t\t\t\t\t\t\t\t<li class=\"elementor-icon-list-item\">\n\t\t\t\t\t\t\t\t\t\t\t<span class=\"elementor-icon-list-icon\">\n\t\t\t\t\t\t\t<i aria-hidden=\"true\" class=\"fab fa-youtube\"><\/i>\t\t\t\t\t\t<\/span>\n\t\t\t\t\t\t\t\t\t\t<span class=\"elementor-icon-list-text\"><\/span>\n\t\t\t\t\t\t\t\t\t<\/li>\n\t\t\t\t\t\t<\/ul>\n\t\t\t\t\t\t<\/div>\n\t\t\t\t<\/div>\n\t\t\t\t<\/div>\n\t\t<div class=\"elementor-element elementor-element-e5dc844 e-con-full e-flex e-con e-child\" data-id=\"e5dc844\" data-element_type=\"container\">\n\t\t<div class=\"elementor-element elementor-element-fd0cae2 e-con-full e-flex e-con e-child\" data-id=\"fd0cae2\" data-element_type=\"container\" data-settings=\"{&quot;background_background&quot;:&quot;classic&quot;}\">\n\t\t\t\t<div class=\"elementor-element elementor-element-6c7aeae elementor-widget elementor-widget-heading\" data-id=\"6c7aeae\" data-element_type=\"widget\" data-widget_type=\"heading.default\">\n\t\t\t\t<div class=\"elementor-widget-container\">\n\t\t\t\t\t<h1 class=\"elementor-heading-title elementor-size-default\">Pol\u00edtica de privacidad<\/h1>\t\t\t\t<\/div>\n\t\t\t\t<\/div>\n\t\t\t\t<div class=\"elementor-element elementor-element-18aae11 elementor-widget elementor-widget-shortcode\" data-id=\"18aae11\" data-element_type=\"widget\" data-widget_type=\"shortcode.default\">\n\t\t\t\t<div class=\"elementor-widget-container\">\n\t\t\t\t\t\t\t<div class=\"elementor-shortcode\"><nav aria-label=\"breadcrumbs\" class=\"rank-math-breadcrumb\"><p><span class=\"last\">Home<\/span><\/p><\/nav><\/div>\n\t\t\t\t\t\t<\/div>\n\t\t\t\t<\/div>\n\t\t\t\t<\/div>\n\t\t<div class=\"elementor-element elementor-element-e5e2692 e-con-full e-flex e-con e-child\" data-id=\"e5e2692\" data-element_type=\"container\">\n\t\t\t\t<div class=\"elementor-element elementor-element-47e5a57 policy elementor-widget elementor-widget-text-editor\" data-id=\"47e5a57\" data-element_type=\"widget\" data-widget_type=\"text-editor.default\">\n\t\t\t\t<div class=\"elementor-widget-container\">\n\t\t\t\t\t\t\t\t\t<p><strong>Pol\u00edtica de privacidad de Proyecto El Arfero Alicante S.L.<\/strong><\/p>\n<p><strong>1) Protecci\u00f3n de la intimidad<\/strong><\/p>\n<p>Salvaguardar la privacidad de los visitantes de https:\/\/proyecto-elarfero.com es una tarea importante para nosotros. Por ello, en nuestra pol\u00edtica de privacidad describimos qu\u00e9 informaci\u00f3n recogemos y c\u00f3mo la utilizamos.<\/p>\n<p><strong>2) Consentimiento<\/strong><\/p>\n<p>Al utilizar la informaci\u00f3n y los servicios de https:\/\/proyecto-elarfero.com, usted acepta nuestra pol\u00edtica de privacidad y los t\u00e9rminos y condiciones aqu\u00ed contenidos.<\/p>\n<p><strong>3) Preguntas<\/strong><\/p>\n<p>Si desea recibir m\u00e1s informaci\u00f3n o tiene alguna pregunta sobre la pol\u00edtica de privacidad de El Arfero y https:\/\/proyecto-elarfero.com en concreto, p\u00f3ngase en contacto con nosotros por correo electr\u00f3nico. Nuestro correo electr\u00f3nico es info@proyecto-elarfero.com.<\/p>\n<p><strong>4) Control del comportamiento de los visitantes<\/strong><\/p>\n<p>https:\/\/proyecto-elarfero.com utiliza diversas t\u00e9cnicas para rastrear qui\u00e9n visita el sitio web, c\u00f3mo se comporta este visitante en el sitio web y qu\u00e9 p\u00e1ginas visita. Se trata de una pr\u00e1ctica habitual en los sitios web, ya que proporciona informaci\u00f3n que contribuye a la calidad de la experiencia del usuario. La informaci\u00f3n que registramos a trav\u00e9s de las cookies incluye direcciones IP, tipo de navegador y p\u00e1ginas visitadas.<\/p>\n<p>Tambi\u00e9n rastreamos d\u00f3nde visitan el sitio web por primera vez los visitantes y desde qu\u00e9 p\u00e1gina lo abandonan. Mantenemos esta informaci\u00f3n an\u00f3nima y no est\u00e1 vinculada a ninguna otra informaci\u00f3n personal.<\/p>\n<p><strong>5) Uso de cookies<\/strong><\/p>\n<p>https:\/\/proyecto-elarfero.com coloca cookies a los visitantes. Lo hacemos para recopilar informaci\u00f3n sobre las p\u00e1ginas que los usuarios visitan en nuestro sitio web, para saber con qu\u00e9 frecuencia vuelven los visitantes y para ver qu\u00e9 p\u00e1ginas funcionan bien en el sitio web. Tambi\u00e9n hacemos un seguimiento de la informaci\u00f3n que comparte el navegador.<\/p>\n<p><strong>6) Deshabilitar las cookies<\/strong><\/p>\n<p>Puede optar por desactivar las cookies. Puede hacerlo a trav\u00e9s de las opciones de su navegador. Encontrar\u00e1 m\u00e1s informaci\u00f3n sobre estas opciones en el sitio web del proveedor de su navegador.<\/p>\n<p><strong>7) Cookies de terceros<\/strong><\/p>\n<p>Es posible que terceros, como Google, se anuncien en nuestro sitio web o que utilicemos otro servicio. Para ello, estos terceros colocan cookies en algunos casos. Estas cookies no pueden ser influenciadas por https:\/\/proyecto-elarfero.com.<\/p>\n\t\t\t\t\t\t\t\t<\/div>\n\t\t\t\t<\/div>\n\t\t\t\t<\/div>\n\t\t\t\t<\/div>\n\t\t\t\t<\/div>\n\t\t\t\t<\/div>\n\t\t","protected":false},"excerpt":{"rendered":"<p>Pol\u00edtica de privacidad Pol\u00edtica de privacidad de Proyecto El Arfero Alicante S.L. 1) Protecci\u00f3n de la intimidad Salvaguardar la privacidad de los visitantes de https:\/\/proyecto-elarfero.com es una tarea importante para nosotros. Por ello, en nuestra pol\u00edtica de privacidad describimos qu\u00e9 informaci\u00f3n recogemos y c\u00f3mo la utilizamos. 2) Consentimiento Al utilizar la informaci\u00f3n y los servicios [&hellip;]<\/p>\n","protected":false},"author":2,"featured_media":0,"parent":0,"menu_order":0,"comment_status":"closed","ping_status":"closed","template":"","meta":{"_acf_changed":false,"footnotes":""},"class_list":["post-2320","page","type-page","status-publish","hentry"],"acf":[],"_links":{"self":[{"href":"https:\/\/proyecto-elarfero.com\/es\/wp-json\/wp\/v2\/pages\/2320","targetHints":{"allow":["GET"]}}],"collection":[{"href":"https:\/\/proyecto-elarfero.com\/es\/wp-json\/wp\/v2\/pages"}],"about":[{"href":"https:\/\/proyecto-elarfero.com\/es\/wp-json\/wp\/v2\/types\/page"}],"author":[{"embeddable":true,"href":"https:\/\/proyecto-elarfero.com\/es\/wp-json\/wp\/v2\/users\/2"}],"replies":[{"embeddable":true,"href":"https:\/\/proyecto-elarfero.com\/es\/wp-json\/wp\/v2\/comments?post=2320"}],"version-history":[{"count":0,"href":"https:\/\/proyecto-elarfero.com\/es\/wp-json\/wp\/v2\/pages\/2320\/revisions"}],"wp:attachment":[{"href":"https:\/\/proyecto-elarfero.com\/es\/wp-json\/wp\/v2\/media?parent=2320"}],"curies":[{"name":"wp","href":"https:\/\/api.w.org\/{rel}","templated":true}]}}